{"id":39,"date":"2014-03-27T14:55:06","date_gmt":"2014-03-27T17:55:06","guid":{"rendered":"http:\/\/sani-tec.com.ar\/?page_id=39"},"modified":"2014-05-19T21:47:36","modified_gmt":"2014-05-19T21:47:36","slug":"contacto","status":"publish","type":"page","link":"http:\/\/buloneriareginato.com.ar\/web\/contacto\/","title":{"rendered":"Contacto"},"content":{"rendered":"<p><div class=\"bigContact\"><div id=\"bigContact-results\"><\/div><h3>P\u00f3ngase en contacto con nosotros \/ Env\u00edenos un e-mail<\/h3><form id=\"bigContact-form\" action=\"http:\/\/buloneriareginato.com.ar\/web\/wp-content\/plugins\/bigcontact\/include\/contact-json.php\" method=\"post\"><input type=\"hidden\" id=\"token\" name=\"token\" value=\"\" \/><ul class=\"bigContact-halfSize\"><li><label for=\"bigContact-fullname\">Nombre Completo<\/label><span><input type=\"text\" name=\"bigContact-fullname\" id=\"bigContact-fullname\" class=\"BigContact-input\" required tabindex=\"1\" \/><\/span><\/li><li><label for=\"bigContact-email\">Direcci\u00f3n de Email<\/label><span><input type=\"email\" name=\"bigContact-email\" id=\"bigContact-email\" class=\"BigContact-input\" required tabindex=\"2\" \/><\/span><\/li><li><label for=\"bigContact-phone\">N\u00famero de Tel\u00e9fono \/ Celular<\/label><span><input type=\"text\" name=\"bigContact-phone\" id=\"bigContact-phone\" class=\"BigContact-input\" tabindex=\"3\" \/><\/span><\/li><li><label for=\"bigContact-extra\">Tipo de Industria \u00f3 Comercio<\/label><span><input type=\"text\" name=\"bigContact-extra\" id=\"bigContact-extra\" class=\"BigContact-input\" tabindex=\"4\"\/><\/span><\/li> <li class=\"bigContact-hidden\"><label for=\"bigContact-john-doe\">If you are serious about sending this message you better leave the following field empty.<\/label><input type=\"text\" name=\"bigContact-john-doe\" id=\"bigContact-john-doe\" value=\"\" \/><\/li><\/ul><ul class=\"bigContact-fullSize\"><li><label for=\"bigContact-message\">Su consulta aqu\u00ed:<\/label><textarea name=\"bigContact-message\" id=\"bigContact-message\" rows=\"5\" required tabindex=\"4\"><\/textarea><\/li><li><input id=\"bigContact-submit\" type=\"submit\" value=\"eNVIAREnviar\" \/><span id=\"bigContact-loading\"><\/span><\/li><li class=\"clearfix\"><\/li><\/ul><\/form><\/div>Av. Coronel Su\u00e1rez 331<\/p>\n<p>San Miguel de Tucum\u00e1n &#8211; Tucum\u00e1n &#8211; Argentina<\/p>\n<p>C.P.: (4000) &#8211; Tel.: (0381) 422-4103<\/p>\n<p>E-mail: info@buloneriareginato.com.ar<\/p>\n<p><strong>\u00a0<\/strong><\/p>\n<p>&nbsp;<\/p>\n<p>&nbsp;<\/p>\n","protected":false},"excerpt":{"rendered":"<p>Av. Coronel Su\u00e1rez 331 San Miguel de Tucum\u00e1n &#8211; Tucum\u00e1n &#8211; Argentina C.P.: (4000) &#8211; Tel.: (0381) 422-4103 E-mail: info@buloneriareginato.com.ar \u00a0 &nbsp; &nbsp;<\/p>\n<p class=\"continue-reading-button\"> <a class=\"continue-reading-link\" href=\"http:\/\/buloneriareginato.com.ar\/web\/contacto\/\">Continue reading<i class=\"crycon-right-dir\"><\/i><\/a><\/p>\n","protected":false},"author":2,"featured_media":0,"parent":0,"menu_order":4,"comment_status":"open","ping_status":"open","template":"","meta":{"footnotes":""},"class_list":["post-39","page","type-page","status-publish","hentry"],"_links":{"self":[{"href":"http:\/\/buloneriareginato.com.ar\/web\/wp-json\/wp\/v2\/pages\/39"}],"collection":[{"href":"http:\/\/buloneriareginato.com.ar\/web\/wp-json\/wp\/v2\/pages"}],"about":[{"href":"http:\/\/buloneriareginato.com.ar\/web\/wp-json\/wp\/v2\/types\/page"}],"author":[{"embeddable":true,"href":"http:\/\/buloneriareginato.com.ar\/web\/wp-json\/wp\/v2\/users\/2"}],"replies":[{"embeddable":true,"href":"http:\/\/buloneriareginato.com.ar\/web\/wp-json\/wp\/v2\/comments?post=39"}],"version-history":[{"count":4,"href":"http:\/\/buloneriareginato.com.ar\/web\/wp-json\/wp\/v2\/pages\/39\/revisions"}],"predecessor-version":[{"id":255,"href":"http:\/\/buloneriareginato.com.ar\/web\/wp-json\/wp\/v2\/pages\/39\/revisions\/255"}],"wp:attachment":[{"href":"http:\/\/buloneriareginato.com.ar\/web\/wp-json\/wp\/v2\/media?parent=39"}],"curies":[{"name":"wp","href":"https:\/\/api.w.org\/{rel}","templated":true}]}}