{"id":357,"date":"2014-06-02T16:23:31","date_gmt":"2014-06-02T16:23:31","guid":{"rendered":"http:\/\/buloneriareginato.com.ar\/web\/?page_id=357"},"modified":"2014-06-02T16:29:06","modified_gmt":"2014-06-02T16:29:06","slug":"placa-autolubricante","status":"publish","type":"page","link":"http:\/\/buloneriareginato.com.ar\/web\/placa-autolubricante\/","title":{"rendered":"Placas Autolubricantes"},"content":{"rendered":"<p>Un producto novedoso y de gran utilidad para facilitar y contribuir con el mantenimiento del plato de enganche para los tractores semis. Se trata de las placas autolubricantes ORIGINALES OPTIMAL, un desarrollo tecnol\u00f3gico que tiene sus or\u00edgenes en Alemania. Las placas son desarrolladas con los m\u00e1s altos est\u00e1ndares de calidad del mercado internacional, dise\u00f1adas para ser funcionales y pr\u00e1cticas. Disponible para platos JOST-37-C, Montenegro, Georg Fisher GF 3620, Maxion 45 y Holland FW 3510. Consulte sobre caracteristicas tecnicas y detalle sobre cualidades.<\/p>\n<p><a href=\"http:\/\/buloneriareginato.com.ar\/web\/wp-content\/uploads\/2014\/06\/527_16.jpg\"><img loading=\"lazy\" decoding=\"async\" class=\"alignnone size-full wp-image-361\" alt=\"527_16\" src=\"http:\/\/buloneriareginato.com.ar\/web\/wp-content\/uploads\/2014\/06\/527_16.jpg\" width=\"300\" height=\"274\" srcset=\"http:\/\/buloneriareginato.com.ar\/web\/wp-content\/uploads\/2014\/06\/527_16.jpg 300w, http:\/\/buloneriareginato.com.ar\/web\/wp-content\/uploads\/2014\/06\/527_16-164x150.jpg 164w, http:\/\/buloneriareginato.com.ar\/web\/wp-content\/uploads\/2014\/06\/527_16-150x137.jpg 150w, http:\/\/buloneriareginato.com.ar\/web\/wp-content\/uploads\/2014\/06\/527_16-148x135.jpg 148w, http:\/\/buloneriareginato.com.ar\/web\/wp-content\/uploads\/2014\/06\/527_16-31x28.jpg 31w, http:\/\/buloneriareginato.com.ar\/web\/wp-content\/uploads\/2014\/06\/527_16-38x34.jpg 38w, http:\/\/buloneriareginato.com.ar\/web\/wp-content\/uploads\/2014\/06\/527_16-235x215.jpg 235w\" sizes=\"(max-width: 300px) 100vw, 300px\" \/><\/a><\/p>\n","protected":false},"excerpt":{"rendered":"<p>Un producto novedoso y de gran utilidad para facilitar y contribuir con el mantenimiento del plato de enganche para los tractores semis. Se trata de las placas autolubricantes ORIGINALES OPTIMAL, un desarrollo tecnol\u00f3gico que tiene sus or\u00edgenes en Alemania. Las placas son desarrolladas con los m\u00e1s altos est\u00e1ndares de calidad \u2026<\/p>\n<p class=\"continue-reading-button\"> <a class=\"continue-reading-link\" href=\"http:\/\/buloneriareginato.com.ar\/web\/placa-autolubricante\/\">Continue reading<i class=\"crycon-right-dir\"><\/i><\/a><\/p>\n","protected":false},"author":2,"featured_media":0,"parent":0,"menu_order":0,"comment_status":"open","ping_status":"open","template":"","meta":{"footnotes":""},"class_list":["post-357","page","type-page","status-publish","hentry"],"_links":{"self":[{"href":"http:\/\/buloneriareginato.com.ar\/web\/wp-json\/wp\/v2\/pages\/357"}],"collection":[{"href":"http:\/\/buloneriareginato.com.ar\/web\/wp-json\/wp\/v2\/pages"}],"about":[{"href":"http:\/\/buloneriareginato.com.ar\/web\/wp-json\/wp\/v2\/types\/page"}],"author":[{"embeddable":true,"href":"http:\/\/buloneriareginato.com.ar\/web\/wp-json\/wp\/v2\/users\/2"}],"replies":[{"embeddable":true,"href":"http:\/\/buloneriareginato.com.ar\/web\/wp-json\/wp\/v2\/comments?post=357"}],"version-history":[{"count":4,"href":"http:\/\/buloneriareginato.com.ar\/web\/wp-json\/wp\/v2\/pages\/357\/revisions"}],"predecessor-version":[{"id":362,"href":"http:\/\/buloneriareginato.com.ar\/web\/wp-json\/wp\/v2\/pages\/357\/revisions\/362"}],"wp:attachment":[{"href":"http:\/\/buloneriareginato.com.ar\/web\/wp-json\/wp\/v2\/media?parent=357"}],"curies":[{"name":"wp","href":"https:\/\/api.w.org\/{rel}","templated":true}]}}