{"id":315,"date":"2014-05-21T15:13:15","date_gmt":"2014-05-21T15:13:15","guid":{"rendered":"http:\/\/buloneriareginato.com.ar\/web\/?page_id=315"},"modified":"2014-06-13T22:08:28","modified_gmt":"2014-06-13T22:08:28","slug":"cilindros-hidraulicos","status":"publish","type":"page","link":"http:\/\/buloneriareginato.com.ar\/web\/cilindros-hidraulicos\/","title":{"rendered":"Cilindros Hidr\u00e1ulicos"},"content":{"rendered":"<p>Otro de los productos en que nos destacamos en Buloner\u00eda Reginato es la fabricaci\u00f3n de Cilindros Hidr\u00e1ulicos.<\/p>\n<p><img loading=\"lazy\" decoding=\"async\" alt=\"\" src=\"http:\/\/buloneriareginato.com.ar\/img\/fotos\/cilindro.gif\" width=\"105\" height=\"68\" align=\"left\" \/>Nuestros cilindros hidr\u00e1ulicos est\u00e1n construidos con materiales de alta calidad y maquinaria de alta precisi\u00f3n, esto combinado con un buen sistema de control, ofrece a nuestros clientes un producto de elevada calidad.<\/p>\n<p>Fabricamos cilindros hidr\u00e1ulicos as\u00ed como productos relacionados con la hidr\u00e1ulica en general, cubriendo soluciones para sectores diversos.<\/p>\n<p align=\"center\"><img loading=\"lazy\" decoding=\"async\" alt=\"\" src=\"http:\/\/buloneriareginato.com.ar\/img\/fotos\/cilindros.jpg\" width=\"300\" height=\"180\" \/><\/p>\n<p>Fabricamos cilindros hidr\u00e1ulicos para una amplia gama de Industrias, entre las que se pueden destacar:<\/p>\n<ul>\n<li>Metalurgia y Siderurgia, M\u00e1quina de Obras P\u00fablicas, M\u00e1quina Agr\u00edcolas, M\u00e1quina Herramienta, Prensas, Compuertas para presas, Maquinaria de Elevaci\u00f3n y Transporte, Sector naval, Sector e\u00f3lico, Sector Papelero, Sector Ferrocarril, Petroqu\u00edmica, Cementeras y Miner\u00eda entre otros.<\/li>\n<li>Nuestra compromiso con la calidad hoy nos permite ofertar nuestros productos a los mercados Internacionales, principalmente orientando nuestros objetivos comerciales en la Comunidad Europea.<\/li>\n<\/ul>\n<p>&nbsp;<\/p>\n","protected":false},"excerpt":{"rendered":"<p>Otro de los productos en que nos destacamos en Buloner\u00eda Reginato es la fabricaci\u00f3n de Cilindros Hidr\u00e1ulicos. Nuestros cilindros hidr\u00e1ulicos est\u00e1n construidos con materiales de alta calidad y maquinaria de alta precisi\u00f3n, esto combinado con un buen sistema de control, ofrece a nuestros clientes un producto de elevada calidad. Fabricamos \u2026<\/p>\n<p class=\"continue-reading-button\"> <a class=\"continue-reading-link\" href=\"http:\/\/buloneriareginato.com.ar\/web\/cilindros-hidraulicos\/\">Continue reading<i class=\"crycon-right-dir\"><\/i><\/a><\/p>\n","protected":false},"author":2,"featured_media":0,"parent":0,"menu_order":0,"comment_status":"open","ping_status":"open","template":"","meta":{"footnotes":""},"class_list":["post-315","page","type-page","status-publish","hentry"],"_links":{"self":[{"href":"http:\/\/buloneriareginato.com.ar\/web\/wp-json\/wp\/v2\/pages\/315"}],"collection":[{"href":"http:\/\/buloneriareginato.com.ar\/web\/wp-json\/wp\/v2\/pages"}],"about":[{"href":"http:\/\/buloneriareginato.com.ar\/web\/wp-json\/wp\/v2\/types\/page"}],"author":[{"embeddable":true,"href":"http:\/\/buloneriareginato.com.ar\/web\/wp-json\/wp\/v2\/users\/2"}],"replies":[{"embeddable":true,"href":"http:\/\/buloneriareginato.com.ar\/web\/wp-json\/wp\/v2\/comments?post=315"}],"version-history":[{"count":1,"href":"http:\/\/buloneriareginato.com.ar\/web\/wp-json\/wp\/v2\/pages\/315\/revisions"}],"predecessor-version":[{"id":316,"href":"http:\/\/buloneriareginato.com.ar\/web\/wp-json\/wp\/v2\/pages\/315\/revisions\/316"}],"wp:attachment":[{"href":"http:\/\/buloneriareginato.com.ar\/web\/wp-json\/wp\/v2\/media?parent=315"}],"curies":[{"name":"wp","href":"https:\/\/api.w.org\/{rel}","templated":true}]}}