{"id":305,"date":"2014-05-21T15:05:08","date_gmt":"2014-05-21T15:05:08","guid":{"rendered":"http:\/\/buloneriareginato.com.ar\/web\/?page_id=305"},"modified":"2014-05-21T15:05:08","modified_gmt":"2014-05-21T15:05:08","slug":"cadenas-especiales","status":"publish","type":"page","link":"http:\/\/buloneriareginato.com.ar\/web\/cadenas-especiales\/","title":{"rendered":"Cadenas Especiales"},"content":{"rendered":"<table width=\"100%\" border=\"0\" cellspacing=\"0\" cellpadding=\"0\">\n<tbody>\n<tr>\n<td align=\"left\" valign=\"top\">\n<p align=\"center\"><strong>\u00a0<img loading=\"lazy\" decoding=\"async\" alt=\"\" src=\"http:\/\/buloneriareginato.com.ar\/img\/fotos\/cadenas1.jpg\" width=\"36\" height=\"120\" align=\"left\" hspace=\"10\" vspace=\"5\" \/><\/strong><\/p>\n<p><strong>Buloner\u00eda Reginato<\/strong>\u00a0es una de las empresas l\u00edderes en la fabricaci\u00f3n de cadenas de manutenci\u00f3n para todos los sectores de la industria en el Noroeste Argentino.Somos especialistas en repuestos y equipos de la agroindustria en general. Un mercado que conocemos a fondo gracias a la investigaci\u00f3n en contacto directo con nuestros clientes. Esta estrecha relaci\u00f3n, nos ha permitido siempre dise\u00f1ar nuestras cadenas y ruedas seg\u00fan las necesidades reales del cliente y mejorar, as\u00ed, el resultado de sus prestaciones.<\/p>\n<p align=\"center\"><img loading=\"lazy\" decoding=\"async\" alt=\"\" src=\"http:\/\/buloneriareginato.com.ar\/img\/fotos\/cadenas3.jpg\" width=\"180\" height=\"50\" \/><\/p>\n<p>Fabricamos toda clase de cadenas especiales a media, adem\u00e1s de todo tipo de elementos aletas, pivotes, engranajes, etc\u2026 Fabricamos en acero al carbono, inoxidable, antidesgaste, con distintos acabados superficiales, granallado, galvanizado, etc..<\/p>\n<p align=\"center\">Cubrimos una amplia gama de funcionalidades:<\/p>\n<p><strong>TRANSMISION DE POTENCIA Y TRANSPORTE<\/strong><\/p>\n<ul>\n<li>Cadenas a rodillos para transmisiones con perno hueco y en acero inoxidable.<\/li>\n<li>Cadenas transportadoras y para cangilones, aplicaciones especiales y para maquinarias viales.<\/li>\n<li>Engranajes y ruedas dentadas en hierro, fundici\u00f3n y acero inoxidable<\/li>\n<li>Reductores de velocidad, variadores, acoplamientos, poleas<\/li>\n<li>Cintas transportadoras en malla de acero.<\/li>\n<\/ul>\n<p align=\"center\"><strong><img loading=\"lazy\" decoding=\"async\" alt=\"\" src=\"http:\/\/buloneriareginato.com.ar\/img\/fotos\/cadenas2.jpg\" width=\"185\" height=\"50\" \/><\/strong><\/p>\n<p><strong>CARGA,\u00a0<\/strong><strong>SUJECI\u00d3N E IZAJE<\/strong><\/p>\n<ul>\n<li>Cadenas eslabonadas (patente) de alta resistencia grado 8, media y baja resistencia, nacionales e importadas<\/li>\n<li>Cables de acero inoxidable, de acero galvanizado o de<strong><img loading=\"lazy\" decoding=\"async\" alt=\"\" src=\"http:\/\/buloneriareginato.com.ar\/img\/fotos\/cadenas4.jpg\" width=\"120\" height=\"86\" align=\"right\" hspace=\"15\" vspace=\"10\" \/><\/strong>acero negro<\/li>\n<li>Eslingas de cables de acero, de cadenas y de cinta de nylon o poliester.<\/li>\n<li>Accesorios: c\u00e1ncamos, ganchos, grilletes, grampas, prensacables y tensores en alta resistencia, Std. y acero inoxidable.<\/li>\n<li>Aparejos de cable y a cadena (manuales y el\u00e9ctricos)<\/li>\n<li>Malacates, cabrestantes (manuales y el\u00e9ctricos)<\/li>\n<li>Arneses de seguridad para trabajos de altura y sistemas salvacaida<\/li>\n<li>Sujetadores de carga (perros), sujetadores de carga con crique (taca taca), tensores para carga de fibras sinteticas.<\/li>\n<li>Anclajes y fijaciones especiales, cadenas en acero inoxidable.<\/li>\n<li>Trabajos especiales.<\/li>\n<\/ul>\n<p><strong>CADENAS PARA LA INDUSTRIA AZUCARERA<\/strong>\u00a0<a href=\"http:\/\/buloneriareginato.com.ar\/repuestos\/indice_cadenas.html#top\">&gt; VER TODAS<\/a><\/p>\n<ul>\n<li>Conductores principales de Ca\u00f1a\u00a0<a href=\"http:\/\/buloneriareginato.com.ar\/repuestos\/cadenas1.html#top\">&gt; VER<\/a><\/li>\n<li>Aditamentos tipo aleta articulados\u00a0<a href=\"http:\/\/buloneriareginato.com.ar\/repuestos\/cadenas2.html#top\">&gt; VER<\/a><\/li>\n<li>Conductores de bagazo\u00a0<a href=\"http:\/\/buloneriareginato.com.ar\/repuestos\/cadenas3.html#top\">&gt; VER<\/a><\/li>\n<li>Tablillas conductoras de ca\u00f1a\u00a0<a href=\"http:\/\/buloneriareginato.com.ar\/repuestos\/cadenas4.html#top\">&gt; VER<\/a><\/li>\n<li>Cadenas de acero soldado\u00a0<a href=\"http:\/\/buloneriareginato.com.ar\/repuestos\/cadenas5.html#top\">&gt; VER<\/a><\/li>\n<\/ul>\n<p align=\"center\"><strong><img loading=\"lazy\" decoding=\"async\" alt=\"\" src=\"http:\/\/buloneriareginato.com.ar\/repuestos\/img\/foto8.jpg\" width=\"122\" height=\"47\" \/><\/strong><\/p>\n<\/td>\n<\/tr>\n<\/tbody>\n<\/table>\n","protected":false},"excerpt":{"rendered":"<p>\u00a0 Buloner\u00eda Reginato\u00a0es una de las empresas l\u00edderes en la fabricaci\u00f3n de cadenas de manutenci\u00f3n para todos los sectores de la industria en el Noroeste Argentino.Somos especialistas en repuestos y equipos de la agroindustria en general. Un mercado que conocemos a fondo gracias a la investigaci\u00f3n en contacto directo con \u2026<\/p>\n<p class=\"continue-reading-button\"> <a class=\"continue-reading-link\" href=\"http:\/\/buloneriareginato.com.ar\/web\/cadenas-especiales\/\">Continue reading<i class=\"crycon-right-dir\"><\/i><\/a><\/p>\n","protected":false},"author":2,"featured_media":0,"parent":0,"menu_order":0,"comment_status":"open","ping_status":"open","template":"","meta":{"footnotes":""},"class_list":["post-305","page","type-page","status-publish","hentry"],"_links":{"self":[{"href":"http:\/\/buloneriareginato.com.ar\/web\/wp-json\/wp\/v2\/pages\/305"}],"collection":[{"href":"http:\/\/buloneriareginato.com.ar\/web\/wp-json\/wp\/v2\/pages"}],"about":[{"href":"http:\/\/buloneriareginato.com.ar\/web\/wp-json\/wp\/v2\/types\/page"}],"author":[{"embeddable":true,"href":"http:\/\/buloneriareginato.com.ar\/web\/wp-json\/wp\/v2\/users\/2"}],"replies":[{"embeddable":true,"href":"http:\/\/buloneriareginato.com.ar\/web\/wp-json\/wp\/v2\/comments?post=305"}],"version-history":[{"count":1,"href":"http:\/\/buloneriareginato.com.ar\/web\/wp-json\/wp\/v2\/pages\/305\/revisions"}],"predecessor-version":[{"id":306,"href":"http:\/\/buloneriareginato.com.ar\/web\/wp-json\/wp\/v2\/pages\/305\/revisions\/306"}],"wp:attachment":[{"href":"http:\/\/buloneriareginato.com.ar\/web\/wp-json\/wp\/v2\/media?parent=305"}],"curies":[{"name":"wp","href":"https:\/\/api.w.org\/{rel}","templated":true}]}}