{"id":273,"date":"2014-05-20T17:32:49","date_gmt":"2014-05-20T17:32:49","guid":{"rendered":"http:\/\/buloneriareginato.com.ar\/web\/?page_id=273"},"modified":"2014-05-20T17:45:32","modified_gmt":"2014-05-20T17:45:32","slug":"indice-de-repuestos-para-cosechadoras-de-cana-repuestos-austoft","status":"publish","type":"page","link":"http:\/\/buloneriareginato.com.ar\/web\/indice-de-repuestos-para-cosechadoras-de-cana-repuestos-austoft\/","title":{"rendered":"Indice de Repuestos para Cosechadoras de Ca\u00f1a &#8211; Repuestos AUSTOFT"},"content":{"rendered":"<table width=\"426\" border=\"0\" cellspacing=\"0\" cellpadding=\"0\">\n<tbody>\n<tr>\n<td valign=\"top\" width=\"208\">BIELETA<br \/>\nBUJE P\/BIELETA<br \/>\nPERNO CORTO C\/CORTADA<br \/>\nPERNO CORTO<br \/>\nPERNO MEDIANO<br \/>\nPERNO LARGO<br \/>\nPERNO CENTRAL DE MESA<br \/>\nPI\u00d1ON Z19<br \/>\nPI\u00d1ON Z15<br \/>\nPI\u00d1ON Z11<br \/>\nRUEDA LISA<br \/>\nCAJA PORTA MOTOR CORTA<br \/>\nCAJA PORTA MOTOR LARGA<br \/>\nCAJA PORTA RUL. C\/ROD. INA<br \/>\nJUEGO ACOPLE MACHO-HEMBRA<br \/>\nEMBRAGUE VOL. INERCIA<br \/>\nSEMIEJE ESTRIADO P\/TROCEADOR<br \/>\nBRIDA ESTRIADA P\/SEMIEJE<br \/>\nBRIDA TROCEADOR<br \/>\nPI\u00d1ON TROCEADOR<br \/>\nADAPTADOR TROCEADOR<br \/>\nCAMISA CAJA TROCEADOR<br \/>\nPLATO DE BASE<br \/>\nPATA SOPORTE PLATO BASE<br \/>\nPLATO DESPUNTADOR<br \/>\nSAPO CUCHILLA TROCEADOR<br \/>\nNUCLEO EXTRACTOR PRIMARIO<br \/>\nNUCLEO EXTRACTOR SECUNDARIO<br \/>\nEJE EXTRACTOR<br \/>\nACARRIADORES<br \/>\nCADENA DE GIRO<br \/>\nPERNOS DE ROLO<br \/>\nPERNO CARRETILLA<br \/>\nPERNO CARRETILLA<br \/>\nACOPLE RASTRA HEMBRA<br \/>\nACOPLE RASTRA MACHO<br \/>\nEJE SUPERIOR RASTRA<\/td>\n<td valign=\"top\" width=\"132\">87220204<br \/>\n87220207<br \/>\n87220209<br \/>\n87220215<br \/>\n87220217<br \/>\n87220216<br \/>\n87242110<br \/>\n87241797<br \/>\n87242847<br \/>\n87233603<br \/>\n87233602<br \/>\n87217094<br \/>\n87096600<br \/>\n87213555<br \/>\n86700800\/86701200<br \/>\n87220479<br \/>\n86972200<br \/>\n86973300<br \/>\n87248159<br \/>\n87217726<br \/>\n86778300<br \/>\n87227270<br \/>\n87239448<br \/>\n87240210<br \/>\n87054700<br \/>\n87214894<br \/>\n87251176<br \/>\n87240269<br \/>\n86304126<br \/>\n87236234<br \/>\n70014527<br \/>\n86698700<br \/>\n87237086<br \/>\n87239943<br \/>\n87241854<br \/>\n87223440<br \/>\n87213267<\/td>\n<td valign=\"top\" width=\"86\"><img loading=\"lazy\" decoding=\"async\" alt=\"\" src=\"http:\/\/buloneriareginato.com.ar\/repuestos\/img\/foto3.jpg\" width=\"86\" height=\"87\" \/><img loading=\"lazy\" decoding=\"async\" alt=\"\" src=\"http:\/\/buloneriareginato.com.ar\/repuestos\/img\/foto4.jpg\" width=\"86\" height=\"87\" \/><img loading=\"lazy\" decoding=\"async\" alt=\"\" src=\"http:\/\/buloneriareginato.com.ar\/repuestos\/img\/foto5.jpg\" width=\"86\" height=\"87\" \/><img loading=\"lazy\" decoding=\"async\" alt=\"\" src=\"http:\/\/buloneriareginato.com.ar\/repuestos\/img\/foto6.jpg\" width=\"86\" height=\"87\" \/><\/td>\n<\/tr>\n<tr>\n<td colspan=\"3\" valign=\"top\"><\/td>\n<\/tr>\n<tr>\n<td colspan=\"3\" valign=\"top\">\n<table width=\"100%\" border=\"0\" cellspacing=\"0\" cellpadding=\"0\">\n<tbody>\n<tr>\n<td align=\"left\" valign=\"top\"><strong>NOTA:<\/strong>\u00a0por cualquier otra cadena que no est\u00e9 dentro de este cat\u00e1logo, por favor consulte.<\/td>\n<\/tr>\n<\/tbody>\n<\/table>\n<\/td>\n<\/tr>\n<tr>\n<td colspan=\"3\" valign=\"top\"><\/td>\n<\/tr>\n<tr>\n<td colspan=\"3\" valign=\"middle\">\n<table width=\"100%\" border=\"0\" cellspacing=\"0\" cellpadding=\"0\">\n<tbody>\n<tr>\n<td>Av. Coronel Suarez 349 &#8211; Telefax: (54) (0381) 4224103 \/ 4306239<br \/>\nC.P. 4000 &#8211; S.M. de Tucum\u00e1n &#8211; Argentina<br \/>\n<a href=\"http:\/\/www.buloneriareginato.com.ar\/\">www.buloneriareginato.com.ar<\/a>\u00a0&#8211;\u00a0<a href=\"mailto:info@buloneriareginato.com.ar\">info@buloneriareginato.com.ar<\/a><\/td>\n<\/tr>\n<\/tbody>\n<\/table>\n<\/td>\n<\/tr>\n<\/tbody>\n<\/table>\n","protected":false},"excerpt":{"rendered":"<p>BIELETA BUJE P\/BIELETA PERNO CORTO C\/CORTADA PERNO CORTO PERNO MEDIANO PERNO LARGO PERNO CENTRAL DE MESA PI\u00d1ON Z19 PI\u00d1ON Z15 PI\u00d1ON Z11 RUEDA LISA CAJA PORTA MOTOR CORTA CAJA PORTA MOTOR LARGA CAJA PORTA RUL. C\/ROD. INA JUEGO ACOPLE MACHO-HEMBRA EMBRAGUE VOL. INERCIA SEMIEJE ESTRIADO P\/TROCEADOR BRIDA ESTRIADA P\/SEMIEJE BRIDA \u2026<\/p>\n<p class=\"continue-reading-button\"> <a class=\"continue-reading-link\" href=\"http:\/\/buloneriareginato.com.ar\/web\/indice-de-repuestos-para-cosechadoras-de-cana-repuestos-austoft\/\">Continue reading<i class=\"crycon-right-dir\"><\/i><\/a><\/p>\n","protected":false},"author":2,"featured_media":0,"parent":0,"menu_order":0,"comment_status":"open","ping_status":"open","template":"","meta":{"footnotes":""},"class_list":["post-273","page","type-page","status-publish","hentry"],"_links":{"self":[{"href":"http:\/\/buloneriareginato.com.ar\/web\/wp-json\/wp\/v2\/pages\/273"}],"collection":[{"href":"http:\/\/buloneriareginato.com.ar\/web\/wp-json\/wp\/v2\/pages"}],"about":[{"href":"http:\/\/buloneriareginato.com.ar\/web\/wp-json\/wp\/v2\/types\/page"}],"author":[{"embeddable":true,"href":"http:\/\/buloneriareginato.com.ar\/web\/wp-json\/wp\/v2\/users\/2"}],"replies":[{"embeddable":true,"href":"http:\/\/buloneriareginato.com.ar\/web\/wp-json\/wp\/v2\/comments?post=273"}],"version-history":[{"count":4,"href":"http:\/\/buloneriareginato.com.ar\/web\/wp-json\/wp\/v2\/pages\/273\/revisions"}],"predecessor-version":[{"id":283,"href":"http:\/\/buloneriareginato.com.ar\/web\/wp-json\/wp\/v2\/pages\/273\/revisions\/283"}],"wp:attachment":[{"href":"http:\/\/buloneriareginato.com.ar\/web\/wp-json\/wp\/v2\/media?parent=273"}],"curies":[{"name":"wp","href":"https:\/\/api.w.org\/{rel}","templated":true}]}}