{"id":18,"date":"2014-03-26T11:47:56","date_gmt":"2014-03-26T14:47:56","guid":{"rendered":"http:\/\/sani-tec.com.ar\/?page_id=18"},"modified":"2014-05-21T14:02:01","modified_gmt":"2014-05-21T14:02:01","slug":"nuestra-empresa","status":"publish","type":"page","link":"http:\/\/buloneriareginato.com.ar\/web\/nuestra-empresa\/","title":{"rendered":"Nuestra empresa"},"content":{"rendered":"<p>Buloner\u00eda <strong>Reginato<\/strong> es una empresa familiar pensada y formada para solucionar todos los problemas de la industria y el agro. Contamos con un taller preparado para solucionar cualquier problema, eficaz, eficiente y r\u00e1pidamente.<\/p>\n<p>Somos los \u00fanicos <strong>FABRICANTES DE BULONES<\/strong> en el noroeste argentino. Fabricamos y reparamos partes y piezas de todo tipo de m\u00e1quinas.<\/p>\n<p>En el rubro ferreter\u00eda, nos apoyan las mejores marcas y f\u00e1bricas. M\u00e1quinas el\u00e9ctricas: Black &amp; Decker, Dewalt y Bosch. M\u00e1quinas neum\u00e1ticas y para 12 Volts. Somos distribuidores de electrodos <strong>INDURA<\/strong>, hidr\u00e1ulicos <strong>DELFABRO<\/strong>. Tambi\u00e9n contamos con la mejor calidad en herramientas manuales. Stock completo de <strong>BAHCO<\/strong> y <strong>STANLEY.<\/strong><\/p>\n<p>Una l\u00ednea completa en accesorios para ca\u00f1os de polipropileno y polietileno. Somos fabricantes de mangueras hidr\u00e1ulicas para todo tipo de m\u00e1quinas. Tenemos un completo stock en acoples hidr\u00e1ulicos. En el rubro buloner\u00eda, nuestra empresa es lider en el noroeste argentino, y ahora fabricamos con calidad de exportaci\u00f3n.\u00a0Adem\u00e1s cuenta con el m\u00e1s amplio stock, que consiste aproximadamente en <strong>350 TONELADAS<\/strong> de bulones de distintas medidas y grados.<\/p>\n<p>Con buloner\u00eda <strong>Reginato<\/strong>, usted gana tiempo y dinero. Venga, vis\u00edtenos y lo sorprenderemos&#8230;<\/p>\n<p><a href=\"http:\/\/buloneriareginato.com.ar\/web\/wp-content\/uploads\/2014\/03\/taller.jpg\"><img loading=\"lazy\" decoding=\"async\" class=\"alignnone size-medium wp-image-284\" alt=\"taller\" src=\"http:\/\/buloneriareginato.com.ar\/web\/wp-content\/uploads\/2014\/03\/taller-300x86.jpg\" width=\"300\" height=\"86\" srcset=\"http:\/\/buloneriareginato.com.ar\/web\/wp-content\/uploads\/2014\/03\/taller-300x86.jpg 300w, http:\/\/buloneriareginato.com.ar\/web\/wp-content\/uploads\/2014\/03\/taller-250x71.jpg 250w, http:\/\/buloneriareginato.com.ar\/web\/wp-content\/uploads\/2014\/03\/taller-150x43.jpg 150w, http:\/\/buloneriareginato.com.ar\/web\/wp-content\/uploads\/2014\/03\/taller-148x42.jpg 148w, http:\/\/buloneriareginato.com.ar\/web\/wp-content\/uploads\/2014\/03\/taller-31x8.jpg 31w, http:\/\/buloneriareginato.com.ar\/web\/wp-content\/uploads\/2014\/03\/taller-38x10.jpg 38w, http:\/\/buloneriareginato.com.ar\/web\/wp-content\/uploads\/2014\/03\/taller.jpg 400w\" sizes=\"(max-width: 300px) 100vw, 300px\" \/><\/a>\u00a0\u00a0<a href=\"http:\/\/buloneriareginato.com.ar\/web\/wp-content\/uploads\/2014\/03\/calidad.gif\"><img loading=\"lazy\" decoding=\"async\" class=\"alignnone size-full wp-image-286\" alt=\"calidad\" src=\"http:\/\/buloneriareginato.com.ar\/web\/wp-content\/uploads\/2014\/03\/calidad.gif\" width=\"80\" height=\"75\" srcset=\"http:\/\/buloneriareginato.com.ar\/web\/wp-content\/uploads\/2014\/03\/calidad.gif 80w, http:\/\/buloneriareginato.com.ar\/web\/wp-content\/uploads\/2014\/03\/calidad-31x29.gif 31w, http:\/\/buloneriareginato.com.ar\/web\/wp-content\/uploads\/2014\/03\/calidad-38x35.gif 38w\" sizes=\"(max-width: 80px) 100vw, 80px\" \/><\/a><\/p>\n<p>&nbsp;<\/p>\n","protected":false},"excerpt":{"rendered":"<p>Buloner\u00eda Reginato es una empresa familiar pensada y formada para solucionar todos los problemas de la industria y el agro. Contamos con un taller preparado para solucionar cualquier problema, eficaz, eficiente y r\u00e1pidamente. Somos los \u00fanicos FABRICANTES DE BULONES en el noroeste argentino. Fabricamos y reparamos partes y piezas de \u2026<\/p>\n<p class=\"continue-reading-button\"> <a class=\"continue-reading-link\" href=\"http:\/\/buloneriareginato.com.ar\/web\/nuestra-empresa\/\">Continue reading<i class=\"crycon-right-dir\"><\/i><\/a><\/p>\n","protected":false},"author":2,"featured_media":284,"parent":0,"menu_order":1,"comment_status":"open","ping_status":"open","template":"","meta":{"footnotes":""},"class_list":["post-18","page","type-page","status-publish","has-post-thumbnail","hentry"],"_links":{"self":[{"href":"http:\/\/buloneriareginato.com.ar\/web\/wp-json\/wp\/v2\/pages\/18"}],"collection":[{"href":"http:\/\/buloneriareginato.com.ar\/web\/wp-json\/wp\/v2\/pages"}],"about":[{"href":"http:\/\/buloneriareginato.com.ar\/web\/wp-json\/wp\/v2\/types\/page"}],"author":[{"embeddable":true,"href":"http:\/\/buloneriareginato.com.ar\/web\/wp-json\/wp\/v2\/users\/2"}],"replies":[{"embeddable":true,"href":"http:\/\/buloneriareginato.com.ar\/web\/wp-json\/wp\/v2\/comments?post=18"}],"version-history":[{"count":6,"href":"http:\/\/buloneriareginato.com.ar\/web\/wp-json\/wp\/v2\/pages\/18\/revisions"}],"predecessor-version":[{"id":287,"href":"http:\/\/buloneriareginato.com.ar\/web\/wp-json\/wp\/v2\/pages\/18\/revisions\/287"}],"wp:featuredmedia":[{"embeddable":true,"href":"http:\/\/buloneriareginato.com.ar\/web\/wp-json\/wp\/v2\/media\/284"}],"wp:attachment":[{"href":"http:\/\/buloneriareginato.com.ar\/web\/wp-json\/wp\/v2\/media?parent=18"}],"curies":[{"name":"wp","href":"https:\/\/api.w.org\/{rel}","templated":true}]}}